{"id":57,"date":"2018-10-03T11:47:37","date_gmt":"2018-10-03T11:47:37","guid":{"rendered":"https:\/\/japeri.fi\/?page_id=57"},"modified":"2025-12-02T12:53:36","modified_gmt":"2025-12-02T12:53:36","slug":"home-2","status":"publish","type":"page","link":"https:\/\/japeri.fi\/","title":{"rendered":"etusivu"},"content":{"rendered":"<p>[vc_row full_width=&#8221;stretch_row&#8221; el_id=&#8221;hero&#8221;][vc_column][vc_empty_space height=&#8221;420px&#8221;][\/vc_column][vc_column width=&#8221;1\/3&#8243; offset=&#8221;vc_col-sm-offset-0&#8243;][vc_column_text]<\/p>\n<h2><strong>Miksi<\/strong> (olemme olemassa)<\/h2>\n<p>[\/vc_column_text][\/vc_column][vc_column width=&#8221;2\/3&#8243;][vc_column_text el_id=&#8221;intro&#8221;]<\/p>\n<h3 class=\"p1\">Japeri on olemassa, jotta sinun ei tarvitse en\u00e4\u00e4 ikin\u00e4 tuskailla painopalveluiden hankinnan kanssa. Meilt\u00e4 saat kaikki alan painotuotteet henkil\u00f6kohtaisella palvelulla, nopeasti, tehokkaasti ja huolettomasti aina suunnittelusta jakeluun. Aina henkil\u00f6kohtaisesti.<\/h3>\n<p>[\/vc_column_text][\/vc_column][\/vc_row][vc_row el_class=&#8221;space&#8221;][vc_column][vc_empty_space height=&#8221;3em&#8221;][\/vc_column][\/vc_row][vc_row full_width=&#8221;stretch_row&#8221; el_id=&#8221;leipis_01&#8243;][vc_column width=&#8221;1\/3&#8243;][vc_column_text]<\/p>\n<h2><strong>Miten<\/strong> (voimme auttaa)<\/h2>\n<p>[\/vc_column_text][\/vc_column][vc_column width=&#8221;2\/3&#8243;][vc_column_text]Sinulle palvelumme merkitsee sit\u00e4, ett\u00e4 voit keskitty\u00e4 omaan tekemiseen. S\u00e4\u00e4st\u00e4t aikaa ja rahaa. Tarjoamme k\u00e4ytt\u00f6\u00f6si vuosien varrella kertyneen ammattitaidon ja osaamisen, sek\u00e4 j\u00e4rkev\u00e4n tavan tilata kaikki sinulle tarpeelliset painotuotteet.<\/p>\n<p>Yhteisty\u00f6verkostomme alan johtavien painotalojen kanssa on rakentunut vuosien saatossa. Tunnemme kumppanimme, joten sin\u00e4 voit luottaa ammattitaidolla tuotettuun laadukkaaseen lopputulokseen. Me huolehdimme koko prosessista: materiaalien toimituksesta aina valmiin tuotteen toimitukseen. Sinun ei tarvitse tehd\u00e4 muuta, kuin ottaa meihin yhteytt\u00e4.[\/vc_column_text][\/vc_column][\/vc_row][vc_row el_class=&#8221;space&#8221;][vc_column][vc_empty_space height=&#8221;2em&#8221;][\/vc_column][\/vc_row][vc_row full_width=&#8221;stretch_row&#8221; el_id=&#8221;leipis_02&#8243;][vc_column width=&#8221;1\/3&#8243;][vc_column_text]<\/p>\n<h2><strong>Mit\u00e4<\/strong> (tarjoamme sinulle)<\/h2>\n<p>[\/vc_column_text][\/vc_column][vc_column width=&#8221;2\/3&#8243;][vc_column_text]Tarjoamme laadukkaat, kilpailutetut ja luotettavat tekij\u00e4t. Oli painotarpeesi sitten myym\u00e4l\u00e4materiaaleille, printtituotteille, pakkausprinteille tai varastointi- ja logistiikkapalveluille. Tuotevalikoimaamme kuuluu n\u00e4m\u00e4 ja paljon muuta. Ota rohkeasti yhteytt\u00e4, niin voimme kartoittaa sinun painotuotetarpeesi.[\/vc_column_text][\/vc_column][\/vc_row][vc_row el_class=&#8221;space&#8221;][vc_column][vc_empty_space height=&#8221;2em&#8221;][\/vc_column][\/vc_row][vc_row full_width=&#8221;stretch_row&#8221; el_id=&#8221;tuotteet_ots&#8221;][vc_column width=&#8221;1\/3&#8243;][vc_column_text]<\/p>\n<h2><strong>Tuotteet ja palvelut<\/strong><\/h2>\n<p>[\/vc_column_text][\/vc_column][vc_column width=&#8221;2\/3&#8243; el_id=&#8221;listaus&#8221;][vc_column_text]<\/p>\n<h3>Myym\u00e4l\u00e4materiaalit<\/h3>\n<p>Display<\/p>\n<p>Lattiatarrat<\/p>\n<p>H\u00e4lyportit<\/p>\n<p>PopUpit<\/p>\n<p>RollUp<\/p>\n<p>Suurkuvajulisteet<\/p>\n<p>Ulkobannerit<\/p>\n<p>Beachflagit<\/p>\n<p>Messust\u00e4ndit<\/p>\n<h3>Printtituotteet<\/h3>\n<p>Aikakausilehdet<\/p>\n<p>Asiakaslehdet<\/p>\n<p>Esitteet<\/p>\n<p>Kirjekuoret<\/p>\n<p>Julisteet<\/p>\n<p>Kirjat<\/p>\n<p>Kortit<\/p>\n<p>Suoramarkkinointimateriaalit<\/p>\n<h3>Pakkaukset<\/h3>\n<p>Kalvopainatukset<\/p>\n<p>Laatikot<\/p>\n<p>Etiketit<\/p>\n<h3>Logistiikkapalvelut<\/h3>\n<p>[\/vc_column_text][\/vc_column][\/vc_row][vc_row el_class=&#8221;space&#8221;][vc_column][vc_empty_space height=&#8221;2em&#8221;][\/vc_column][\/vc_row][vc_row full_width=&#8221;stretch_row&#8221; el_id=&#8221;meista&#8221;][vc_column width=&#8221;1\/3&#8243;][vc_column_text]<\/p>\n<h2><strong>Meist\u00e4<\/strong><\/h2>\n<p>[\/vc_column_text][\/vc_column][vc_column width=&#8221;2\/3&#8243;][vc_column_text]<\/p>\n<p class=\"p1\">Meid\u00e4n teht\u00e4v\u00e4n\u00e4 on l\u00f6yt\u00e4\u00e4 sinulle optimaaliset painotuotteisiin liittyv\u00e4t ratkaisut kustannustehokkaasti ja aikaa s\u00e4\u00e4st\u00e4en. Toimimme aina nopeasti sinun ja yrityksesi etua ajatellen, yli 25 vuoden kokemuksella, erityyppisten painopalveluiden hankinnasta, painamisesta ja jakelusta.<\/p>\n<p class=\"p1\">Japeri on perustettu auttamaan ja helpottamaan yritysten painotuotteiden hankintaa ja prosessin hallintaa. Voit joko kilpailuttaa kauttamme yksitt\u00e4isen tuotteen tai ulkoistaa koko prosessin meille.<\/p>\n<p class=\"p1\">Meilt\u00e4 saat kaikki alan palvelut ammattitaidolla.<\/p>\n<p>[\/vc_column_text][\/vc_column][\/vc_row][vc_row el_id=&#8221;footer&#8221;][vc_column width=&#8221;1\/3&#8243; offset=&#8221;vc_col-sm-offset-4&#8243;][vc_column_text]<strong>Jari Tolppanen<\/strong><br \/>\nFounder, CEO<br \/>\n+358 400 584 624<br \/>\njari.tolppanen@japeri.fi[\/vc_column_text][\/vc_column][vc_column width=&#8221;1\/3&#8243;][vc_column_text]<strong>Japeri Oy<\/strong><br \/>\nAkatemiantaival 32<br \/>\n01380 Vantaa<br \/>\nY-tunnus: 2932021-9[\/vc_column_text][vc_gallery type=&#8221;image_grid&#8221; images=&#8221;88&#8243;][\/vc_column][\/vc_row][vc_row][vc_column][\/vc_column][\/vc_row]<\/p>\n","protected":false},"excerpt":{"rendered":"<p>[vc_row full_width=&#8221;stretch_row&#8221; el_id=&#8221;hero&#8221;][vc_column][vc_empty_space height=&#8221;420px&#8221;][\/vc_column][vc_column width=&#8221;1\/3&#8243; offset=&#8221;vc_col-sm-offset-0&#8243;][vc_column_text] Miksi (olemme olemassa) [\/vc_column_text][\/vc_column][vc_column width=&#8221;2\/3&#8243;][vc_column_text el_id=&#8221;intro&#8221;] Japeri on olemassa, jotta sinun ei tarvitse en\u00e4\u00e4 ikin\u00e4 tuskailla painopalveluiden hankinnan kanssa. Meilt\u00e4 saat kaikki alan painotuotteet henkil\u00f6kohtaisella palvelulla, nopeasti, tehokkaasti ja huolettomasti aina suunnittelusta jakeluun. Aina henkil\u00f6kohtaisesti. [\/vc_column_text][\/vc_column][\/vc_row][vc_row el_class=&#8221;space&#8221;][vc_column][vc_empty_space height=&#8221;3em&#8221;][\/vc_column][\/vc_row][vc_row full_width=&#8221;stretch_row&#8221; el_id=&#8221;leipis_01&#8243;][vc_column width=&#8221;1\/3&#8243;][vc_column_text] Miten (voimme auttaa) [\/vc_column_text][\/vc_column][vc_column width=&#8221;2\/3&#8243;][vc_column_text]Sinulle palvelumme merkitsee sit\u00e4,&hellip;<\/p>\n","protected":false},"author":3,"featured_media":0,"parent":0,"menu_order":0,"comment_status":"closed","ping_status":"closed","template":"","meta":{"_acf_changed":false,"inline_featured_image":false,"footnotes":""},"class_list":["post-57","page","type-page","status-publish","hentry"],"acf":[],"_links":{"self":[{"href":"https:\/\/japeri.fi\/index.php?rest_route=\/wp\/v2\/pages\/57","targetHints":{"allow":["GET"]}}],"collection":[{"href":"https:\/\/japeri.fi\/index.php?rest_route=\/wp\/v2\/pages"}],"about":[{"href":"https:\/\/japeri.fi\/index.php?rest_route=\/wp\/v2\/types\/page"}],"author":[{"embeddable":true,"href":"https:\/\/japeri.fi\/index.php?rest_route=\/wp\/v2\/users\/3"}],"replies":[{"embeddable":true,"href":"https:\/\/japeri.fi\/index.php?rest_route=%2Fwp%2Fv2%2Fcomments&post=57"}],"version-history":[{"count":27,"href":"https:\/\/japeri.fi\/index.php?rest_route=\/wp\/v2\/pages\/57\/revisions"}],"predecessor-version":[{"id":98,"href":"https:\/\/japeri.fi\/index.php?rest_route=\/wp\/v2\/pages\/57\/revisions\/98"}],"wp:attachment":[{"href":"https:\/\/japeri.fi\/index.php?rest_route=%2Fwp%2Fv2%2Fmedia&parent=57"}],"curies":[{"name":"wp","href":"https:\/\/api.w.org\/{rel}","templated":true}]}}