{"id":8,"date":"2018-09-20T11:48:29","date_gmt":"2018-09-20T11:48:29","guid":{"rendered":"https:\/\/japeri.fi\/?page_id=8"},"modified":"2018-10-05T08:43:41","modified_gmt":"2018-10-05T08:43:41","slug":"home","status":"publish","type":"page","link":"https:\/\/japeri.fi\/?page_id=8","title":{"rendered":"vanha etusivu"},"content":{"rendered":"<p>[vc_row full_width=&#8221;stretch_row&#8221; el_id=&#8221;hero&#8221;][vc_column][vc_empty_space height=&#8221;320px&#8221;][\/vc_column][vc_column width=&#8221;1\/3&#8243; offset=&#8221;vc_col-sm-offset-0&#8243;][vc_column_text]<\/p>\n<h2>Miksi<\/h2>\n<p>[\/vc_column_text][\/vc_column][vc_column width=&#8221;2\/3&#8243;][vc_column_text el_id=&#8221;intro&#8221;]<\/p>\n<h3 class=\"p1\">Japerin tarkoituksena on poistaa tuska painopalveluiden hankinnasta. Meilt\u00e4 saat kaikki alan painotuotteet henkil\u00f6kohtaisella palvelulla, nopeasti, tehokkaasti ja huolettomasti aina suunnittelusta jakeluun. Sinulle t\u00e4m\u00e4 merkitsee huomattavaa ajans\u00e4\u00e4st\u00f6\u00e4 ja kustannustehokkuutta.<\/h3>\n<p>[\/vc_column_text][\/vc_column][\/vc_row][vc_row full_width=&#8221;stretch_row&#8221; el_id=&#8221;tuotteet_ots&#8221;][vc_column width=&#8221;1\/3&#8243;][vc_column_text]<\/p>\n<h2>Tuotteet ja palvelut<\/h2>\n<p>[\/vc_column_text][\/vc_column][vc_column width=&#8221;2\/3&#8243;][vc_column_text]<\/p>\n<h3>Meid\u00e4n kauttamme saat seuraavia tuotteita:<\/h3>\n<p>[\/vc_column_text][\/vc_column][\/vc_row][vc_row full_width=&#8221;stretch_row&#8221; el_id=&#8221;tuotteet_sis&#8221;][vc_column el_id=&#8221;listaus&#8221;][vc_column_text]<\/p>\n<h3>Myym\u00e4l\u00e4materiaalit<\/h3>\n<p>Display<\/p>\n<p>Lattiatarrat<\/p>\n<p>H\u00e4lyportit<\/p>\n<p>PopUpit<\/p>\n<p>RollUp<\/p>\n<p>Suurkuvajulisteet<\/p>\n<p>Ulkobannerit<\/p>\n<p>Beachflagit<\/p>\n<p>Messust\u00e4ndit<\/p>\n<h3>Printtituotteet<\/h3>\n<p>Aikakausilehdet<\/p>\n<p>Asiakaslehdet<\/p>\n<p>Esitteet<\/p>\n<p>Kirjekuoret<\/p>\n<p>Julisteet<\/p>\n<p>Kirjat<\/p>\n<p>Kortit<\/p>\n<p>Suoramarkkinointimateriaalit<\/p>\n<h3>Pakkaukset<\/h3>\n<p>Kalvopainatukset<\/p>\n<p>Laatikot<\/p>\n<p>Etiketit<\/p>\n<h3>Logistiikkapalvelut<\/h3>\n<p>[\/vc_column_text][\/vc_column][\/vc_row][vc_row full_width=&#8221;stretch_row&#8221; disable_element=&#8221;yes&#8221;][vc_column width=&#8221;1\/3&#8243;][vc_column_text]Painotuotteet Heatset, ArkkiOffset\/Digi:<br \/>\nAikakausilehdet (heatset- offset)<br \/>\nAsiakaslehdet (heatset\/arkkioffse\/ digi)<br \/>\nEsitteet (heatset\/arkkioffset\/ digi)<br \/>\nKirjekuoret (arkkioffset\/digi)<br \/>\nJulisteet (arkkioffset)<br \/>\nKirjat (arkkioffset)<br \/>\nKortit (arkkioffset, digi)<br \/>\nSuoramarkkinointi materiaalit (Heatset, Arkkioffset,<br \/>\nDigi)[\/vc_column_text][\/vc_column][vc_column width=&#8221;1\/3&#8243;][vc_column_text]Myym\u00e4l\u00e4materiaalit (Suurkuvatuotteet):<br \/>\nDisplay (rakennesuunnittelu)<br \/>\nLattiatarrat<br \/>\nH\u00e4lyportit<br \/>\nPopUpit<br \/>\nRollUp<br \/>\nSuurkuva julisteet<br \/>\nUlko Bannerit pienist\u00e4 ja j\u00e4ttikokoisiin<br \/>\nBeach Flagit<br \/>\nMessu standyt ja suunnittelu<br \/>\nMuut muotoon leikattavat tuotteet eri materiaaleille[\/vc_column_text][\/vc_column][vc_column width=&#8221;1\/3&#8243;][vc_column_text]Pakkaus\/Elintarviketeollisuus:<br \/>\nErinlaiset kalvo painatukset<br \/>\npatukoille<br \/>\npussi kalvot<br \/>\nLaatikot<br \/>\npainetut\/painamattomat<br \/>\nEtiketit<br \/>\nLogistiikkapalvelut<br \/>\nKaiken t\u00e4m\u00e4n p\u00e4\u00e4lle tarjoamme logistiikkapalvelut ymp\u00e4rimaailmaa.[\/vc_column_text][\/vc_column][vc_column][vc_column_text]Aikakausilehdet<\/p>\n<p>Asiakaslehdet<\/p>\n<p>Esitteet<\/p>\n<p>Kirjekuoret<\/p>\n<p>Julisteet<\/p>\n<p>Kirjat<\/p>\n<p>Kortit<\/p>\n<p>Suoramarkkinointimateriaalit<\/p>\n<p>Display<\/p>\n<p>Lattiatarrat<\/p>\n<p>H\u00e4lyportit<\/p>\n<p>PopUpit<\/p>\n<p>RollUpit<\/p>\n<p>Suurkuvajulisteet<\/p>\n<p>Ulkobannerit<\/p>\n<p>Beachflagit<\/p>\n<p>Messust\u00e4ndit<\/p>\n<p>Pakkaukset<\/p>\n<p>Kalvopainatukset<\/p>\n<p>Laatikot<\/p>\n<p>Etiketit<\/p>\n<p>Logistiikkapalvelut ymp\u00e4ri maailmaa[\/vc_column_text][\/vc_column][\/vc_row][vc_row full_width=&#8221;stretch_row&#8221; el_id=&#8221;meista&#8221;][vc_column width=&#8221;1\/3&#8243;][vc_column_text]<\/p>\n<h2>Meist\u00e4<\/h2>\n<p>[\/vc_column_text][\/vc_column][vc_column width=&#8221;2\/3&#8243;][vc_column_text]Meid\u00e4n teht\u00e4v\u00e4n\u00e4 on l\u00f6yt\u00e4\u00e4 sinulle optimaaliset painotuotteisiin liittyv\u00e4t ratkaisut kustannustehokkaasti ja aikaa s\u00e4\u00e4st\u00e4en. Toimimme aina nopeasti sinun ja yrityksesi etua ajatellen.<\/p>\n<p>Japeri on perustettu vuonna 2018 auttamaan ja helpoittamaan yritysten painotuotteiden hankintaa ja prosessin hallintaa. Voit joko kilpailuttaa kauttamme yksitt\u00e4isen tuotteen tai ulkoistaa koko prosessin meille. Meilt\u00e4 saat kaikki alan palvelut ammattitaidolla.<\/p>\n<p>Meill\u00e4 on yli 25 vuoden kokemus erityyppisten painopalveluiden hankinnasta painamisesta ja jakelusta.[\/vc_column_text][\/vc_column][\/vc_row][vc_row full_width=&#8221;stretch_row&#8221; el_id=&#8221;footer&#8221;][vc_column width=&#8221;1\/3&#8243; offset=&#8221;vc_col-sm-offset-4&#8243;][vc_column_text]<strong>Jari Tolppanen<\/strong><br \/>\nFounder, CEO<br \/>\n+358 400 584 624<br \/>\njari.tolppanen@japeri.fi[\/vc_column_text][\/vc_column][vc_column width=&#8221;1\/3&#8243;][vc_column_text]<strong>Japeri Oy<\/strong><br \/>\nY-tunnus: 2932021-9[\/vc_column_text][\/vc_column][\/vc_row]<\/p>\n","protected":false},"excerpt":{"rendered":"<p>[vc_row full_width=&#8221;stretch_row&#8221; el_id=&#8221;hero&#8221;][vc_column][vc_empty_space height=&#8221;320px&#8221;][\/vc_column][vc_column width=&#8221;1\/3&#8243; offset=&#8221;vc_col-sm-offset-0&#8243;][vc_column_text] Miksi [\/vc_column_text][\/vc_column][vc_column width=&#8221;2\/3&#8243;][vc_column_text el_id=&#8221;intro&#8221;] Japerin tarkoituksena on poistaa tuska painopalveluiden hankinnasta. Meilt\u00e4 saat kaikki alan painotuotteet henkil\u00f6kohtaisella palvelulla, nopeasti, tehokkaasti ja huolettomasti aina suunnittelusta jakeluun. Sinulle t\u00e4m\u00e4 merkitsee huomattavaa ajans\u00e4\u00e4st\u00f6\u00e4 ja kustannustehokkuutta. [\/vc_column_text][\/vc_column][\/vc_row][vc_row full_width=&#8221;stretch_row&#8221; el_id=&#8221;tuotteet_ots&#8221;][vc_column width=&#8221;1\/3&#8243;][vc_column_text] Tuotteet ja palvelut [\/vc_column_text][\/vc_column][vc_column width=&#8221;2\/3&#8243;][vc_column_text] Meid\u00e4n kauttamme saat seuraavia tuotteita: [\/vc_column_text][\/vc_column][\/vc_row][vc_row full_width=&#8221;stretch_row&#8221; el_id=&#8221;tuotteet_sis&#8221;][vc_column&hellip;<\/p>\n","protected":false},"author":3,"featured_media":0,"parent":0,"menu_order":0,"comment_status":"closed","ping_status":"closed","template":"","meta":{"_acf_changed":false,"inline_featured_image":false,"footnotes":""},"class_list":["post-8","page","type-page","status-publish","hentry"],"acf":[],"_links":{"self":[{"href":"https:\/\/japeri.fi\/index.php?rest_route=\/wp\/v2\/pages\/8","targetHints":{"allow":["GET"]}}],"collection":[{"href":"https:\/\/japeri.fi\/index.php?rest_route=\/wp\/v2\/pages"}],"about":[{"href":"https:\/\/japeri.fi\/index.php?rest_route=\/wp\/v2\/types\/page"}],"author":[{"embeddable":true,"href":"https:\/\/japeri.fi\/index.php?rest_route=\/wp\/v2\/users\/3"}],"replies":[{"embeddable":true,"href":"https:\/\/japeri.fi\/index.php?rest_route=%2Fwp%2Fv2%2Fcomments&post=8"}],"version-history":[{"count":37,"href":"https:\/\/japeri.fi\/index.php?rest_route=\/wp\/v2\/pages\/8\/revisions"}],"predecessor-version":[{"id":80,"href":"https:\/\/japeri.fi\/index.php?rest_route=\/wp\/v2\/pages\/8\/revisions\/80"}],"wp:attachment":[{"href":"https:\/\/japeri.fi\/index.php?rest_route=%2Fwp%2Fv2%2Fmedia&parent=8"}],"curies":[{"name":"wp","href":"https:\/\/api.w.org\/{rel}","templated":true}]}}